{"id":24,"date":"2015-09-17T19:09:37","date_gmt":"2015-09-17T16:09:37","guid":{"rendered":"http:\/\/www.ysametal.com\/ysametal\/?page_id=24"},"modified":"2015-09-29T11:41:49","modified_gmt":"2015-09-29T08:41:49","slug":"hakkimizda","status":"publish","type":"page","link":"https:\/\/www.ysametal.com\/index.php\/hakkimizda\/","title":{"rendered":"Hakk\u0131m\u0131zda"},"content":{"rendered":"<p>YSA Metal Ve Tel Sanayi sekt\u00f6rde ki 15\u00a0y\u0131ll\u0131k deneyimi ve uluslar aras\u0131 tedarik\u00e7i a\u011f\u0131yla karbon \u00e7elik,\u00a0paslanmaz \u00e7elik ve yay\u00a0\u00fcretimi, sat\u0131\u015f\u0131 konusunda\u00a0m\u00fc\u015fterilerine hizmet vermektedir.<\/p>\n<p>\u00dcr\u00fcn kalitesi ile kendini ispatlam\u0131\u015f uluslar aras\u0131 tedarik\u00e7i firmalar\u0131n T\u00fcrkiye distrib\u00fct\u00f6rl\u00fc\u011f\u00fcn\u00fc\u00a0ger\u00e7ekle\u015ftiren firmam\u0131z, geni\u015f ve kaliteli \u00fcr\u00fcn yelpazesi ile hizmet sunmaktad\u0131r. Firmam\u0131z sat\u0131\u015f \u00f6ncesi\u00a0ve sat\u0131\u015f sonras\u0131 b\u00fct\u00fcn konularda m\u00fc\u015fterilerimize hizmet sunup destek vermektedir.<\/p>\n<p>YSA METAL VE TEL SANAY\u0130<\/p>\n<p>SEDA AL\u00c7ELER<\/p>\n","protected":false},"excerpt":{"rendered":"<p>YSA Metal Ve Tel Sanayi sekt\u00f6rde ki 15\u00a0y\u0131ll\u0131k deneyimi ve uluslar aras\u0131 tedarik\u00e7i a\u011f\u0131yla karbon \u00e7elik,\u00a0paslanmaz \u00e7elik ve yay\u00a0\u00fcretimi, sat\u0131\u015f\u0131 konusunda\u00a0m\u00fc\u015fterilerine hizmet vermektedir. \u00dcr\u00fcn kalitesi ile kendini ispatlam\u0131\u015f uluslar aras\u0131 tedarik\u00e7i firmalar\u0131n T\u00fcrkiye distrib\u00fct\u00f6rl\u00fc\u011f\u00fcn\u00fc\u00a0ger\u00e7ekle\u015ftiren firmam\u0131z, geni\u015f ve kaliteli \u00fcr\u00fcn yelpazesi ile hizmet sunmaktad\u0131r. Firmam\u0131z sat\u0131\u015f \u00f6ncesi\u00a0ve sat\u0131\u015f sonras\u0131 b\u00fct\u00fcn konularda m\u00fc\u015fterilerimize hizmet sunup destek vermektedir. [&hellip;]<\/p>\n","protected":false},"author":1,"featured_media":0,"parent":0,"menu_order":0,"comment_status":"open","ping_status":"open","template":"","meta":[],"_links":{"self":[{"href":"https:\/\/www.ysametal.com\/index.php\/wp-json\/wp\/v2\/pages\/24"}],"collection":[{"href":"https:\/\/www.ysametal.com\/index.php\/wp-json\/wp\/v2\/pages"}],"about":[{"href":"https:\/\/www.ysametal.com\/index.php\/wp-json\/wp\/v2\/types\/page"}],"author":[{"embeddable":true,"href":"https:\/\/www.ysametal.com\/index.php\/wp-json\/wp\/v2\/users\/1"}],"replies":[{"embeddable":true,"href":"https:\/\/www.ysametal.com\/index.php\/wp-json\/wp\/v2\/comments?post=24"}],"version-history":[{"count":4,"href":"https:\/\/www.ysametal.com\/index.php\/wp-json\/wp\/v2\/pages\/24\/revisions"}],"predecessor-version":[{"id":167,"href":"https:\/\/www.ysametal.com\/index.php\/wp-json\/wp\/v2\/pages\/24\/revisions\/167"}],"wp:attachment":[{"href":"https:\/\/www.ysametal.com\/index.php\/wp-json\/wp\/v2\/media?parent=24"}],"curies":[{"name":"wp","href":"https:\/\/api.w.org\/{rel}","templated":true}]}}