{"id":27,"date":"2015-09-17T19:12:36","date_gmt":"2015-09-17T16:12:36","guid":{"rendered":"http:\/\/www.ysametal.com\/ysametal\/?page_id=27"},"modified":"2015-09-19T20:41:10","modified_gmt":"2015-09-19T17:41:10","slug":"yay-imalatimiz","status":"publish","type":"page","link":"https:\/\/www.ysametal.com\/index.php\/yay-imalatimiz\/","title":{"rendered":"YAY \u0130MALATIMIZ"},"content":{"rendered":"<p><strong>\u00dcr\u00fcnlerimiz<\/strong><\/p>\n<p>&nbsp;<\/p>\n<p>Basma Yaylar \u00a0 \u00a0 \u00a0 \u00a0 \u00a0 \u00a0 \u00a0 \u00a0 \u00a0 \u00a0 \u00a0 \u00a0 \u00a0 \u00a0 \u00a0 \u00a0 \u00c7ekme Yaylar \u00a0 \u00a0 \u00a0 \u00a0 \u00a0 \u00a0 \u00a0 \u00a0 \u00a0 \u00a0 \u00a0 \u00a0 \u00a0 \u00a0 \u00a0 \u00a0 Tel ve Bant Form Yaylar<\/p>\n<p>Torsiyon Yaylar \u00a0 \u00a0 \u00a0 \u00a0 \u00a0 \u00a0 \u00a0 \u00a0 \u00a0 \u00a0 \u00a0 \u00a0 \u00a0 \u00a0 Segman Yaylar\u0131\u00a0 \u00a0 \u00a0 \u00a0 \u00a0 \u00a0 \u00a0 \u00a0 \u00a0 \u00a0 \u00a0 \u00a0 \u00a0 \u00a0 \u00a0 Ke\u00e7e Yaylar\u0131<\/p>\n<p>Hortum Kelep\u00e7eleri \u00a0 \u00a0 \u00a0 \u00a0 \u00a0 \u00a0 \u00a0 \u00a0 \u00a0 \u00a0 \u00a0Boru Kelep\u00e7eleri\u00a0 \u00a0 \u00a0 \u00a0 \u00a0 \u00a0 \u00a0 \u00a0 \u00a0 \u00a0 \u00a0 \u00a0 \u00a0 \u00a0 Fren Yaylar\u0131<\/p>\n<p>Sulama (Mandal) Yaylar\u0131<\/p>\n\n\t\t<style type=\"text\/css\">\n\t\t\t#gallery-1 {\n\t\t\t\tmargin: auto;\n\t\t\t}\n\t\t\t#gallery-1 .gallery-item {\n\t\t\t\tfloat: left;\n\t\t\t\tmargin-top: 10px;\n\t\t\t\ttext-align: center;\n\t\t\t\twidth: 33%;\n\t\t\t}\n\t\t\t#gallery-1 img {\n\t\t\t\tborder: 2px solid #cfcfcf;\n\t\t\t}\n\t\t\t#gallery-1 .gallery-caption {\n\t\t\t\tmargin-left: 0;\n\t\t\t}\n\t\t\t\/* see gallery_shortcode() in wp-includes\/media.php *\/\n\t\t<\/style>\n\t\t<div id='gallery-1' class='gallery galleryid-27 gallery-columns-3 gallery-size-medium'><dl class='gallery-item'>\n\t\t\t<dt class='gallery-icon landscape'>\n\t\t\t\t<a href='https:\/\/www.ysametal.com\/wp-content\/uploads\/cekme-yay1.jpg' rel=\"lightbox[27]\"><img width=\"300\" height=\"225\" src=\"https:\/\/www.ysametal.com\/wp-content\/uploads\/cekme-yay1-300x225.jpg\" class=\"attachment-medium size-medium\" alt=\"\" loading=\"lazy\" srcset=\"https:\/\/www.ysametal.com\/wp-content\/uploads\/cekme-yay1-300x225.jpg 300w, https:\/\/www.ysametal.com\/wp-content\/uploads\/cekme-yay1.jpg 400w\" sizes=\"(max-width: 300px) 100vw, 300px\" \/><\/a>\n\t\t\t<\/dt><\/dl><dl class='gallery-item'>\n\t\t\t<dt class='gallery-icon landscape'>\n\t\t\t\t<a href='https:\/\/www.ysametal.com\/wp-content\/uploads\/cekme-yay3.jpg' rel=\"lightbox[27]\"><img width=\"300\" height=\"225\" src=\"https:\/\/www.ysametal.com\/wp-content\/uploads\/cekme-yay3-300x225.jpg\" class=\"attachment-medium size-medium\" alt=\"\" loading=\"lazy\" srcset=\"https:\/\/www.ysametal.com\/wp-content\/uploads\/cekme-yay3-300x225.jpg 300w, https:\/\/www.ysametal.com\/wp-content\/uploads\/cekme-yay3.jpg 400w\" sizes=\"(max-width: 300px) 100vw, 300px\" \/><\/a>\n\t\t\t<\/dt><\/dl><dl class='gallery-item'>\n\t\t\t<dt class='gallery-icon landscape'>\n\t\t\t\t<a href='https:\/\/www.ysametal.com\/wp-content\/uploads\/images-3.jpg' rel=\"lightbox[27]\"><img width=\"225\" height=\"225\" src=\"https:\/\/www.ysametal.com\/wp-content\/uploads\/images-3.jpg\" class=\"attachment-medium size-medium\" alt=\"\" loading=\"lazy\" srcset=\"https:\/\/www.ysametal.com\/wp-content\/uploads\/images-3.jpg 225w, https:\/\/www.ysametal.com\/wp-content\/uploads\/images-3-150x150.jpg 150w\" sizes=\"(max-width: 225px) 100vw, 225px\" \/><\/a>\n\t\t\t<\/dt><\/dl><br style=\"clear: both\" \/><dl class='gallery-item'>\n\t\t\t<dt class='gallery-icon landscape'>\n\t\t\t\t<a href='https:\/\/www.ysametal.com\/wp-content\/uploads\/kollu-yay2.jpg' rel=\"lightbox[27]\"><img width=\"300\" height=\"225\" src=\"https:\/\/www.ysametal.com\/wp-content\/uploads\/kollu-yay2-300x225.jpg\" class=\"attachment-medium size-medium\" alt=\"\" loading=\"lazy\" srcset=\"https:\/\/www.ysametal.com\/wp-content\/uploads\/kollu-yay2-300x225.jpg 300w, https:\/\/www.ysametal.com\/wp-content\/uploads\/kollu-yay2.jpg 400w\" sizes=\"(max-width: 300px) 100vw, 300px\" \/><\/a>\n\t\t\t<\/dt><\/dl><dl class='gallery-item'>\n\t\t\t<dt class='gallery-icon landscape'>\n\t\t\t\t<a href='https:\/\/www.ysametal.com\/wp-content\/uploads\/pim-yay-1.jpg' rel=\"lightbox[27]\"><img width=\"300\" height=\"225\" src=\"https:\/\/www.ysametal.com\/wp-content\/uploads\/pim-yay-1-300x225.jpg\" class=\"attachment-medium size-medium\" alt=\"\" loading=\"lazy\" srcset=\"https:\/\/www.ysametal.com\/wp-content\/uploads\/pim-yay-1-300x225.jpg 300w, https:\/\/www.ysametal.com\/wp-content\/uploads\/pim-yay-1.jpg 400w\" sizes=\"(max-width: 300px) 100vw, 300px\" \/><\/a>\n\t\t\t<\/dt><\/dl><dl class='gallery-item'>\n\t\t\t<dt class='gallery-icon landscape'>\n\t\t\t\t<a href='https:\/\/www.ysametal.com\/wp-content\/uploads\/pim-yay.jpg' rel=\"lightbox[27]\"><img width=\"300\" height=\"225\" src=\"https:\/\/www.ysametal.com\/wp-content\/uploads\/pim-yay-300x225.jpg\" class=\"attachment-medium size-medium\" alt=\"\" loading=\"lazy\" srcset=\"https:\/\/www.ysametal.com\/wp-content\/uploads\/pim-yay-300x225.jpg 300w, https:\/\/www.ysametal.com\/wp-content\/uploads\/pim-yay.jpg 400w\" sizes=\"(max-width: 300px) 100vw, 300px\" \/><\/a>\n\t\t\t<\/dt><\/dl><br style=\"clear: both\" \/><dl class='gallery-item'>\n\t\t\t<dt class='gallery-icon landscape'>\n\t\t\t\t<a href='https:\/\/www.ysametal.com\/wp-content\/uploads\/pim-yay1.jpg' rel=\"lightbox[27]\"><img width=\"300\" height=\"225\" src=\"https:\/\/www.ysametal.com\/wp-content\/uploads\/pim-yay1-300x225.jpg\" class=\"attachment-medium size-medium\" alt=\"\" loading=\"lazy\" srcset=\"https:\/\/www.ysametal.com\/wp-content\/uploads\/pim-yay1-300x225.jpg 300w, https:\/\/www.ysametal.com\/wp-content\/uploads\/pim-yay1.jpg 400w\" sizes=\"(max-width: 300px) 100vw, 300px\" \/><\/a>\n\t\t\t<\/dt><\/dl><dl class='gallery-item'>\n\t\t\t<dt class='gallery-icon landscape'>\n\t\t\t\t<a href='https:\/\/www.ysametal.com\/wp-content\/uploads\/products2.jpg' rel=\"lightbox[27]\"><img width=\"300\" height=\"107\" src=\"https:\/\/www.ysametal.com\/wp-content\/uploads\/products2-300x107.jpg\" class=\"attachment-medium size-medium\" alt=\"\" loading=\"lazy\" srcset=\"https:\/\/www.ysametal.com\/wp-content\/uploads\/products2-300x107.jpg 300w, https:\/\/www.ysametal.com\/wp-content\/uploads\/products2.jpg 500w\" sizes=\"(max-width: 300px) 100vw, 300px\" \/><\/a>\n\t\t\t<\/dt><\/dl><dl class='gallery-item'>\n\t\t\t<dt class='gallery-icon landscape'>\n\t\t\t\t<a href='https:\/\/www.ysametal.com\/wp-content\/uploads\/torsiyon-yay.jpg' rel=\"lightbox[27]\"><img width=\"300\" height=\"225\" src=\"https:\/\/www.ysametal.com\/wp-content\/uploads\/torsiyon-yay-300x225.jpg\" class=\"attachment-medium size-medium\" alt=\"\" loading=\"lazy\" srcset=\"https:\/\/www.ysametal.com\/wp-content\/uploads\/torsiyon-yay-300x225.jpg 300w, https:\/\/www.ysametal.com\/wp-content\/uploads\/torsiyon-yay.jpg 400w\" sizes=\"(max-width: 300px) 100vw, 300px\" \/><\/a>\n\t\t\t<\/dt><\/dl><br style=\"clear: both\" \/><dl class='gallery-item'>\n\t\t\t<dt class='gallery-icon landscape'>\n\t\t\t\t<a href='https:\/\/www.ysametal.com\/wp-content\/uploads\/torsiyon-yay1.jpg' rel=\"lightbox[27]\"><img width=\"300\" height=\"225\" src=\"https:\/\/www.ysametal.com\/wp-content\/uploads\/torsiyon-yay1-300x225.jpg\" class=\"attachment-medium size-medium\" alt=\"\" loading=\"lazy\" srcset=\"https:\/\/www.ysametal.com\/wp-content\/uploads\/torsiyon-yay1-300x225.jpg 300w, https:\/\/www.ysametal.com\/wp-content\/uploads\/torsiyon-yay1.jpg 400w\" sizes=\"(max-width: 300px) 100vw, 300px\" \/><\/a>\n\t\t\t<\/dt><\/dl><dl class='gallery-item'>\n\t\t\t<dt class='gallery-icon landscape'>\n\t\t\t\t<a href='https:\/\/www.ysametal.com\/wp-content\/uploads\/torsiyon-yay2.jpg' rel=\"lightbox[27]\"><img width=\"300\" height=\"225\" src=\"https:\/\/www.ysametal.com\/wp-content\/uploads\/torsiyon-yay2-300x225.jpg\" class=\"attachment-medium size-medium\" alt=\"\" loading=\"lazy\" srcset=\"https:\/\/www.ysametal.com\/wp-content\/uploads\/torsiyon-yay2-300x225.jpg 300w, https:\/\/www.ysametal.com\/wp-content\/uploads\/torsiyon-yay2.jpg 400w\" sizes=\"(max-width: 300px) 100vw, 300px\" \/><\/a>\n\t\t\t<\/dt><\/dl><dl class='gallery-item'>\n\t\t\t<dt class='gallery-icon landscape'>\n\t\t\t\t<a href='https:\/\/www.ysametal.com\/wp-content\/uploads\/torsiyon-yay3.jpg' rel=\"lightbox[27]\"><img width=\"300\" height=\"225\" src=\"https:\/\/www.ysametal.com\/wp-content\/uploads\/torsiyon-yay3-300x225.jpg\" class=\"attachment-medium size-medium\" alt=\"\" loading=\"lazy\" srcset=\"https:\/\/www.ysametal.com\/wp-content\/uploads\/torsiyon-yay3-300x225.jpg 300w, https:\/\/www.ysametal.com\/wp-content\/uploads\/torsiyon-yay3.jpg 400w\" sizes=\"(max-width: 300px) 100vw, 300px\" \/><\/a>\n\t\t\t<\/dt><\/dl><br style=\"clear: both\" \/><dl class='gallery-item'>\n\t\t\t<dt class='gallery-icon landscape'>\n\t\t\t\t<a href='https:\/\/www.ysametal.com\/wp-content\/uploads\/yay.jpg' rel=\"lightbox[27]\"><img width=\"300\" height=\"225\" src=\"https:\/\/www.ysametal.com\/wp-content\/uploads\/yay-300x225.jpg\" class=\"attachment-medium size-medium\" alt=\"\" loading=\"lazy\" srcset=\"https:\/\/www.ysametal.com\/wp-content\/uploads\/yay-300x225.jpg 300w, https:\/\/www.ysametal.com\/wp-content\/uploads\/yay.jpg 400w\" sizes=\"(max-width: 300px) 100vw, 300px\" \/><\/a>\n\t\t\t<\/dt><\/dl><dl class='gallery-item'>\n\t\t\t<dt class='gallery-icon landscape'>\n\t\t\t\t<a href='https:\/\/www.ysametal.com\/wp-content\/uploads\/yay2.jpg' rel=\"lightbox[27]\"><img width=\"300\" height=\"225\" src=\"https:\/\/www.ysametal.com\/wp-content\/uploads\/yay2-300x225.jpg\" class=\"attachment-medium size-medium\" alt=\"\" loading=\"lazy\" srcset=\"https:\/\/www.ysametal.com\/wp-content\/uploads\/yay2-300x225.jpg 300w, https:\/\/www.ysametal.com\/wp-content\/uploads\/yay2.jpg 400w\" sizes=\"(max-width: 300px) 100vw, 300px\" \/><\/a>\n\t\t\t<\/dt><\/dl><dl class='gallery-item'>\n\t\t\t<dt class='gallery-icon landscape'>\n\t\t\t\t<a href='https:\/\/www.ysametal.com\/wp-content\/uploads\/yay3.jpg' rel=\"lightbox[27]\"><img width=\"300\" height=\"225\" src=\"https:\/\/www.ysametal.com\/wp-content\/uploads\/yay3-300x225.jpg\" class=\"attachment-medium size-medium\" alt=\"\" loading=\"lazy\" srcset=\"https:\/\/www.ysametal.com\/wp-content\/uploads\/yay3-300x225.jpg 300w, https:\/\/www.ysametal.com\/wp-content\/uploads\/yay3.jpg 400w\" sizes=\"(max-width: 300px) 100vw, 300px\" \/><\/a>\n\t\t\t<\/dt><\/dl><br style=\"clear: both\" \/>\n\t\t<\/div>\n\n","protected":false},"excerpt":{"rendered":"<p>\u00dcr\u00fcnlerimiz &nbsp; Basma Yaylar \u00a0 \u00a0 \u00a0 \u00a0 \u00a0 \u00a0 \u00a0 \u00a0 \u00a0 \u00a0 \u00a0 \u00a0 \u00a0 \u00a0 \u00a0 \u00a0 \u00c7ekme Yaylar \u00a0 \u00a0 \u00a0 \u00a0 \u00a0 \u00a0 \u00a0 \u00a0 \u00a0 \u00a0 \u00a0 \u00a0 \u00a0 \u00a0 \u00a0 \u00a0 Tel ve Bant Form Yaylar Torsiyon Yaylar \u00a0 \u00a0 \u00a0 \u00a0 \u00a0 \u00a0 \u00a0 \u00a0 \u00a0 \u00a0 [&hellip;]<\/p>\n","protected":false},"author":1,"featured_media":0,"parent":0,"menu_order":0,"comment_status":"open","ping_status":"open","template":"","meta":[],"_links":{"self":[{"href":"https:\/\/www.ysametal.com\/index.php\/wp-json\/wp\/v2\/pages\/27"}],"collection":[{"href":"https:\/\/www.ysametal.com\/index.php\/wp-json\/wp\/v2\/pages"}],"about":[{"href":"https:\/\/www.ysametal.com\/index.php\/wp-json\/wp\/v2\/types\/page"}],"author":[{"embeddable":true,"href":"https:\/\/www.ysametal.com\/index.php\/wp-json\/wp\/v2\/users\/1"}],"replies":[{"embeddable":true,"href":"https:\/\/www.ysametal.com\/index.php\/wp-json\/wp\/v2\/comments?post=27"}],"version-history":[{"count":11,"href":"https:\/\/www.ysametal.com\/index.php\/wp-json\/wp\/v2\/pages\/27\/revisions"}],"predecessor-version":[{"id":150,"href":"https:\/\/www.ysametal.com\/index.php\/wp-json\/wp\/v2\/pages\/27\/revisions\/150"}],"wp:attachment":[{"href":"https:\/\/www.ysametal.com\/index.php\/wp-json\/wp\/v2\/media?parent=27"}],"curies":[{"name":"wp","href":"https:\/\/api.w.org\/{rel}","templated":true}]}}