{"id":49,"date":"2015-09-18T16:34:27","date_gmt":"2015-09-18T13:34:27","guid":{"rendered":"http:\/\/www.ysametal.com\/ysametal\/?page_id=49"},"modified":"2015-10-05T14:37:48","modified_gmt":"2015-10-05T11:37:48","slug":"karbon-celik","status":"publish","type":"page","link":"https:\/\/www.ysametal.com\/index.php\/karbon-celik\/","title":{"rendered":"KARBON \u00c7EL\u0130K"},"content":{"rendered":"<div style=\"float: left; width: 45%;\">\n<p><strong>SO\u011eUK \u00c7EK\u0130LM\u0130\u015e ORTA VE Y\u00dcKSEK KARBON \u00c7EL\u0130K \u015eER\u0130TLER<\/strong><strong>\u00a0<\/strong><\/p>\n<p><strong>Kalite \u00a0 \u00a0 \u00a0 \u00a0 \u00a0 \u00a0 \u00a0 \u00a0 \u00a0 \u00a0 \u00a0 \u00a0\u00a0<\/strong><\/p>\n<p>SAE Standart\u0131na g\u00f6re \u00a0\u00a0\u00a0\u00a0\u00a0 1040\/1045\/1050\/1055\/1065\/1070\/1075\/1080\/1095<\/p>\n<p>DIN Standart\u0131na g\u00f6re \u00a0\u00a0\u00a0\u00a0\u00a0 CK40\/45\/55\/60\/75\/85\/101\/51CRV4<\/p>\n<p>JIS Standart\u0131na g\u00f6re \u00a0 \u00a0 \u00a0 \u00a0 S45CM\/55\/60\/75\/SK2M\/SK4M\/SK 2M Cr 4<\/p>\n<p>IS Standart\u0131na g\u00f6re \u00a0 \u00a0 \u00a0 \u00a0 \u00a0C40\/55\/70\/80\/98\/120CR35<\/p>\n<p><strong>Kal\u0131nl\u0131k Aral\u0131\u011f\u0131 \u00a0 \u00a0 \u00a0 \u00a0 \u00a0 \u00a0 \u00a0 \u00a0\u00a0<\/strong>0.10 mm den 5.00 mm e kadar<\/p>\n<p><strong>Geni\u015flik \u00a0 \u00a0 \u00a0 \u00a0 \u00a0 \u00a0 \u00a0 \u00a0 \u00a0 \u00a0 \u00a0 \u00a0 \u00a0 \u00a0<\/strong>5 mm den 1300 mm e kadar<\/p>\n<p><strong>Y\u00fczey \u00a0 \u00a0 \u00a0 \u00a0 \u00a0 \u00a0 \u00a0 \u00a0 \u00a0 \u00a0 \u00a0 \u00a0 \u00a0 \u00a0 \u00a0\u00a0<\/strong>Parlak \/ Mat<\/p>\n<p><strong>Kenar \u00a0 \u00a0 \u00a0 \u00a0 \u00a0 \u00a0 \u00a0 \u00a0 \u00a0 \u00a0 \u00a0 \u00a0 \u00a0 \u00a0 \u00a0 <\/strong>Fabrika kenar \u00e7\u0131k\u0131\u015f\u0131 yada kesilmi\u015f kenar<\/p>\n<p><strong>Sertlik \u00a0 \u00a0 \u00a0 \u00a0 \u00a0 \u00a0 \u00a0 \u00a0 \u00a0 \u00a0 \u00a0 \u00a0 \u00a0 \u00a0 \u00a0<\/strong>M\u00fc\u015fterinin talebine g\u00f6re temin edilebilir.<\/p>\n<\/div>\n<div style=\"float: right; width: 45%;\">\n<p style=\"text-align: left;\"><strong>SERTLE\u015eT\u0130R\u0130LM\u0130\u015e VE TEMPERLENM\u0130\u015e \u00c7EL\u0130K \u015eER\u0130TLER\u00a0<\/strong><\/p>\n<p style=\"text-align: left;\"><strong>Kalite<\/strong><\/p>\n<p style=\"text-align: left;\">SAE Standart\u0131na g\u00f6re\u00a0\u00a0\u00a0\u00a0\u00a0\u00a0 1062\/1075\/1080\/1095<\/p>\n<p style=\"text-align: left;\">DIN Standart\u0131na g\u00f6re\u00a0\u00a0\u00a0\u00a0\u00a0\u00a0 CK60\/75\/85\/101\/51CRV4\/75CR1\/75Ni8<\/p>\n<p style=\"text-align: left;\">JIS Standart\u0131na g\u00f6re\u00a0\u00a0\u00a0\u00a0\u00a0\u00a0\u00a0 S60CM\/75\/SKS51\/SK4M<\/p>\n<p style=\"text-align: left;\">IS Standart\u0131na g\u00f6re \u00a0 \u00a0 \u00a0 \u00a0 C40\/55\/70\/80\/98\/120CR35<\/p>\n<p style=\"text-align: left;\"><strong>Kal\u0131nl\u0131k Aral\u0131\u011f\u0131 \u00a0 \u00a0 \u00a0 \u00a0 \u00a0 \u00a0 \u00a0 \u00a0<\/strong>0.10 mm den 4.00 mm e kadar<\/p>\n<p style=\"text-align: left;\"><strong>Geni\u015flik<\/strong>\u00a0 \u00a0 \u00a0 \u00a0 \u00a0 \u00a0 \u00a0 \u00a0 \u00a0 \u00a0 \u00a0 \u00a0 \u00a0 \u00a05 mm den \u00a0500 mm e kadar<\/p>\n<p style=\"text-align: left;\"><strong>Y\u00fczey<\/strong>\u00a0 \u00a0 \u00a0 \u00a0 \u00a0 \u00a0 \u00a0 \u00a0 \u00a0 \u00a0 \u00a0 \u00a0 \u00a0 \u00a0 \u00a0 Pulsuz Gri\/Mavi\/Mavi Parlak\/Beyaz Parlak\/Bronz ve Alt\u0131n<\/p>\n<p style=\"text-align: left;\"><strong>Kenar<\/strong>\u00a0 \u00a0 \u00a0 \u00a0 \u00a0 \u00a0 \u00a0 \u00a0 \u00a0 \u00a0 \u00a0 \u00a0 \u00a0 \u00a0 \u00a0 Kesilmi\u015f Kenar \/ Kare Kenar \/ Yuvarlak Kenar<\/p>\n<p style=\"text-align: left;\"><strong>Sertlik \u00a0 \u00a0 \u00a0 \u00a0 \u00a0 \u00a0 \u00a0 \u00a0 \u00a0 \u00a0 \u00a0 \u00a0 \u00a0 \u00a0\u00a0<\/strong>M\u00fc\u015fterinin talebine g\u00f6re farkl\u0131 sertlik aral\u0131klar\u0131 temin edilir.<\/p>\n<\/div>\n<div style=\"float: left; width: 100%;\">\n\n\t\t<style type=\"text\/css\">\n\t\t\t#gallery-1 {\n\t\t\t\tmargin: auto;\n\t\t\t}\n\t\t\t#gallery-1 .gallery-item {\n\t\t\t\tfloat: left;\n\t\t\t\tmargin-top: 10px;\n\t\t\t\ttext-align: center;\n\t\t\t\twidth: 33%;\n\t\t\t}\n\t\t\t#gallery-1 img {\n\t\t\t\tborder: 2px solid #cfcfcf;\n\t\t\t}\n\t\t\t#gallery-1 .gallery-caption {\n\t\t\t\tmargin-left: 0;\n\t\t\t}\n\t\t\t\/* see gallery_shortcode() in wp-includes\/media.php *\/\n\t\t<\/style>\n\t\t<div id='gallery-1' class='gallery galleryid-49 gallery-columns-3 gallery-size-medium'><dl class='gallery-item'>\n\t\t\t<dt class='gallery-icon landscape'>\n\t\t\t\t<a href='https:\/\/www.ysametal.com\/wp-content\/uploads\/221374_front500.jpg' rel=\"lightbox[49]\"><img width=\"300\" height=\"300\" src=\"https:\/\/www.ysametal.com\/wp-content\/uploads\/221374_front500-300x300.jpg\" class=\"attachment-medium size-medium\" alt=\"\" loading=\"lazy\" srcset=\"https:\/\/www.ysametal.com\/wp-content\/uploads\/221374_front500-300x300.jpg 300w, https:\/\/www.ysametal.com\/wp-content\/uploads\/221374_front500-150x150.jpg 150w, https:\/\/www.ysametal.com\/wp-content\/uploads\/221374_front500.jpg 500w\" sizes=\"(max-width: 300px) 100vw, 300px\" \/><\/a>\n\t\t\t<\/dt><\/dl><dl class='gallery-item'>\n\t\t\t<dt class='gallery-icon landscape'>\n\t\t\t\t<a href='https:\/\/www.ysametal.com\/wp-content\/uploads\/430998.jpeg' rel=\"lightbox[49]\"><img width=\"300\" height=\"300\" src=\"https:\/\/www.ysametal.com\/wp-content\/uploads\/430998-300x300.jpeg\" class=\"attachment-medium size-medium\" alt=\"\" loading=\"lazy\" srcset=\"https:\/\/www.ysametal.com\/wp-content\/uploads\/430998-300x300.jpeg 300w, https:\/\/www.ysametal.com\/wp-content\/uploads\/430998-150x150.jpeg 150w, https:\/\/www.ysametal.com\/wp-content\/uploads\/430998.jpeg 360w\" sizes=\"(max-width: 300px) 100vw, 300px\" \/><\/a>\n\t\t\t<\/dt><\/dl><dl class='gallery-item'>\n\t\t\t<dt class='gallery-icon landscape'>\n\t\t\t\t<a href='https:\/\/www.ysametal.com\/wp-content\/uploads\/cbe9caa6_13e48b53_90ef_45b9_9525_7edbbc57203c.jpg' rel=\"lightbox[49]\"><img width=\"300\" height=\"263\" src=\"https:\/\/www.ysametal.com\/wp-content\/uploads\/cbe9caa6_13e48b53_90ef_45b9_9525_7edbbc57203c-300x263.jpg\" class=\"attachment-medium size-medium\" alt=\"\" loading=\"lazy\" srcset=\"https:\/\/www.ysametal.com\/wp-content\/uploads\/cbe9caa6_13e48b53_90ef_45b9_9525_7edbbc57203c-300x263.jpg 300w, https:\/\/www.ysametal.com\/wp-content\/uploads\/cbe9caa6_13e48b53_90ef_45b9_9525_7edbbc57203c.jpg 400w\" sizes=\"(max-width: 300px) 100vw, 300px\" \/><\/a>\n\t\t\t<\/dt><\/dl><br style=\"clear: both\" \/><dl class='gallery-item'>\n\t\t\t<dt class='gallery-icon landscape'>\n\t\t\t\t<a href='https:\/\/www.ysametal.com\/wp-content\/uploads\/16614577-Circular-Saw-disc-for-wood-cutting-Stock-Photo.jpg' rel=\"lightbox[49]\"><img width=\"300\" height=\"265\" src=\"https:\/\/www.ysametal.com\/wp-content\/uploads\/16614577-Circular-Saw-disc-for-wood-cutting-Stock-Photo-300x265.jpg\" class=\"attachment-medium size-medium\" alt=\"\" loading=\"lazy\" srcset=\"https:\/\/www.ysametal.com\/wp-content\/uploads\/16614577-Circular-Saw-disc-for-wood-cutting-Stock-Photo-300x265.jpg 300w, https:\/\/www.ysametal.com\/wp-content\/uploads\/16614577-Circular-Saw-disc-for-wood-cutting-Stock-Photo-1024x903.jpg 1024w, https:\/\/www.ysametal.com\/wp-content\/uploads\/16614577-Circular-Saw-disc-for-wood-cutting-Stock-Photo.jpg 1300w\" sizes=\"(max-width: 300px) 100vw, 300px\" \/><\/a>\n\t\t\t<\/dt><\/dl><dl class='gallery-item'>\n\t\t\t<dt class='gallery-icon landscape'>\n\t\t\t\t<a href='https:\/\/www.ysametal.com\/wp-content\/uploads\/20131128153452870.jpg' rel=\"lightbox[49]\"><img width=\"300\" height=\"225\" src=\"https:\/\/www.ysametal.com\/wp-content\/uploads\/20131128153452870-300x225.jpg\" class=\"attachment-medium size-medium\" alt=\"\" loading=\"lazy\" srcset=\"https:\/\/www.ysametal.com\/wp-content\/uploads\/20131128153452870-300x225.jpg 300w, https:\/\/www.ysametal.com\/wp-content\/uploads\/20131128153452870.jpg 600w\" sizes=\"(max-width: 300px) 100vw, 300px\" \/><\/a>\n\t\t\t<\/dt><\/dl><dl class='gallery-item'>\n\t\t\t<dt class='gallery-icon landscape'>\n\t\t\t\t<a href='https:\/\/www.ysametal.com\/wp-content\/uploads\/14027774_475978a1.jpg' rel=\"lightbox[49]\"><img width=\"300\" height=\"200\" src=\"https:\/\/www.ysametal.com\/wp-content\/uploads\/14027774_475978a1-300x200.jpg\" class=\"attachment-medium size-medium\" alt=\"\" loading=\"lazy\" srcset=\"https:\/\/www.ysametal.com\/wp-content\/uploads\/14027774_475978a1-300x200.jpg 300w, https:\/\/www.ysametal.com\/wp-content\/uploads\/14027774_475978a1.jpg 850w\" sizes=\"(max-width: 300px) 100vw, 300px\" \/><\/a>\n\t\t\t<\/dt><\/dl><br style=\"clear: both\" \/><dl class='gallery-item'>\n\t\t\t<dt class='gallery-icon landscape'>\n\t\t\t\t<a href='https:\/\/www.ysametal.com\/wp-content\/uploads\/363062683_652.jpg' rel=\"lightbox[49]\"><img width=\"300\" height=\"199\" src=\"https:\/\/www.ysametal.com\/wp-content\/uploads\/363062683_652-300x199.jpg\" class=\"attachment-medium size-medium\" alt=\"\" loading=\"lazy\" srcset=\"https:\/\/www.ysametal.com\/wp-content\/uploads\/363062683_652-300x199.jpg 300w, https:\/\/www.ysametal.com\/wp-content\/uploads\/363062683_652.jpg 650w\" sizes=\"(max-width: 300px) 100vw, 300px\" \/><\/a>\n\t\t\t<\/dt><\/dl><dl class='gallery-item'>\n\t\t\t<dt class='gallery-icon landscape'>\n\t\t\t\t<a href='https:\/\/www.ysametal.com\/wp-content\/uploads\/201094170112.jpg' rel=\"lightbox[49]\"><img width=\"300\" height=\"225\" src=\"https:\/\/www.ysametal.com\/wp-content\/uploads\/201094170112-300x225.jpg\" class=\"attachment-medium size-medium\" alt=\"\" loading=\"lazy\" srcset=\"https:\/\/www.ysametal.com\/wp-content\/uploads\/201094170112-300x225.jpg 300w, https:\/\/www.ysametal.com\/wp-content\/uploads\/201094170112.jpg 400w\" sizes=\"(max-width: 300px) 100vw, 300px\" \/><\/a>\n\t\t\t<\/dt><\/dl><dl class='gallery-item'>\n\t\t\t<dt class='gallery-icon landscape'>\n\t\t\t\t<a href='https:\/\/www.ysametal.com\/wp-content\/uploads\/8873732341790.jpg' rel=\"lightbox[49]\"><img width=\"300\" height=\"172\" src=\"https:\/\/www.ysametal.com\/wp-content\/uploads\/8873732341790-300x172.jpg\" class=\"attachment-medium size-medium\" alt=\"\" loading=\"lazy\" srcset=\"https:\/\/www.ysametal.com\/wp-content\/uploads\/8873732341790-300x172.jpg 300w, https:\/\/www.ysametal.com\/wp-content\/uploads\/8873732341790.jpg 600w\" sizes=\"(max-width: 300px) 100vw, 300px\" \/><\/a>\n\t\t\t<\/dt><\/dl><br style=\"clear: both\" \/><dl class='gallery-item'>\n\t\t\t<dt class='gallery-icon landscape'>\n\t\t\t\t<a href='https:\/\/www.ysametal.com\/wp-content\/uploads\/01.jpg' rel=\"lightbox[49]\"><img width=\"300\" height=\"200\" src=\"https:\/\/www.ysametal.com\/wp-content\/uploads\/01-300x200.jpg\" class=\"attachment-medium size-medium\" alt=\"\" loading=\"lazy\" srcset=\"https:\/\/www.ysametal.com\/wp-content\/uploads\/01-300x200.jpg 300w, https:\/\/www.ysametal.com\/wp-content\/uploads\/01.jpg 1000w\" sizes=\"(max-width: 300px) 100vw, 300px\" \/><\/a>\n\t\t\t<\/dt><\/dl><dl class='gallery-item'>\n\t\t\t<dt class='gallery-icon landscape'>\n\t\t\t\t<a href='https:\/\/www.ysametal.com\/wp-content\/uploads\/11143240-Hand-saw-for-wood-work-Stock-Photo-tools.jpg' rel=\"lightbox[49]\"><img width=\"300\" height=\"140\" src=\"https:\/\/www.ysametal.com\/wp-content\/uploads\/11143240-Hand-saw-for-wood-work-Stock-Photo-tools-300x140.jpg\" class=\"attachment-medium size-medium\" alt=\"\" loading=\"lazy\" srcset=\"https:\/\/www.ysametal.com\/wp-content\/uploads\/11143240-Hand-saw-for-wood-work-Stock-Photo-tools-300x140.jpg 300w, https:\/\/www.ysametal.com\/wp-content\/uploads\/11143240-Hand-saw-for-wood-work-Stock-Photo-tools-1024x478.jpg 1024w, https:\/\/www.ysametal.com\/wp-content\/uploads\/11143240-Hand-saw-for-wood-work-Stock-Photo-tools.jpg 1300w\" sizes=\"(max-width: 300px) 100vw, 300px\" \/><\/a>\n\t\t\t<\/dt><\/dl><dl class='gallery-item'>\n\t\t\t<dt class='gallery-icon landscape'>\n\t\t\t\t<a href='https:\/\/www.ysametal.com\/wp-content\/uploads\/Band-Saw-Blades.jpg' rel=\"lightbox[49]\"><img width=\"300\" height=\"136\" src=\"https:\/\/www.ysametal.com\/wp-content\/uploads\/Band-Saw-Blades-300x136.jpg\" class=\"attachment-medium size-medium\" alt=\"\" loading=\"lazy\" srcset=\"https:\/\/www.ysametal.com\/wp-content\/uploads\/Band-Saw-Blades-300x136.jpg 300w, https:\/\/www.ysametal.com\/wp-content\/uploads\/Band-Saw-Blades-1024x464.jpg 1024w, https:\/\/www.ysametal.com\/wp-content\/uploads\/Band-Saw-Blades.jpg 1936w\" sizes=\"(max-width: 300px) 100vw, 300px\" \/><\/a>\n\t\t\t<\/dt><\/dl><br style=\"clear: both\" \/><dl class='gallery-item'>\n\t\t\t<dt class='gallery-icon landscape'>\n\t\t\t\t<a href='https:\/\/www.ysametal.com\/wp-content\/uploads\/band-saw-blade-steel-wood-wood-16611-6473223.jpg' rel=\"lightbox[49]\"><img width=\"300\" height=\"218\" src=\"https:\/\/www.ysametal.com\/wp-content\/uploads\/band-saw-blade-steel-wood-wood-16611-6473223-300x218.jpg\" class=\"attachment-medium size-medium\" alt=\"\" loading=\"lazy\" srcset=\"https:\/\/www.ysametal.com\/wp-content\/uploads\/band-saw-blade-steel-wood-wood-16611-6473223-300x218.jpg 300w, https:\/\/www.ysametal.com\/wp-content\/uploads\/band-saw-blade-steel-wood-wood-16611-6473223.jpg 708w\" sizes=\"(max-width: 300px) 100vw, 300px\" \/><\/a>\n\t\t\t<\/dt><\/dl><dl class='gallery-item'>\n\t\t\t<dt class='gallery-icon landscape'>\n\t\t\t\t<a href='https:\/\/www.ysametal.com\/wp-content\/uploads\/Bi-Metal-Bandsaw-Blade.jpg' rel=\"lightbox[49]\"><img width=\"300\" height=\"148\" src=\"https:\/\/www.ysametal.com\/wp-content\/uploads\/Bi-Metal-Bandsaw-Blade-300x148.jpg\" class=\"attachment-medium size-medium\" alt=\"\" loading=\"lazy\" srcset=\"https:\/\/www.ysametal.com\/wp-content\/uploads\/Bi-Metal-Bandsaw-Blade-300x148.jpg 300w, https:\/\/www.ysametal.com\/wp-content\/uploads\/Bi-Metal-Bandsaw-Blade-1024x505.jpg 1024w, https:\/\/www.ysametal.com\/wp-content\/uploads\/Bi-Metal-Bandsaw-Blade.jpg 2023w\" sizes=\"(max-width: 300px) 100vw, 300px\" \/><\/a>\n\t\t\t<\/dt><\/dl><dl class='gallery-item'>\n\t\t\t<dt class='gallery-icon landscape'>\n\t\t\t\t<a href='https:\/\/www.ysametal.com\/wp-content\/uploads\/Circular-Saw-Blade.jpg' rel=\"lightbox[49]\"><img width=\"300\" height=\"194\" src=\"https:\/\/www.ysametal.com\/wp-content\/uploads\/Circular-Saw-Blade-300x194.jpg\" class=\"attachment-medium size-medium\" alt=\"\" loading=\"lazy\" srcset=\"https:\/\/www.ysametal.com\/wp-content\/uploads\/Circular-Saw-Blade-300x194.jpg 300w, https:\/\/www.ysametal.com\/wp-content\/uploads\/Circular-Saw-Blade-1024x661.jpg 1024w, https:\/\/www.ysametal.com\/wp-content\/uploads\/Circular-Saw-Blade.jpg 1823w\" sizes=\"(max-width: 300px) 100vw, 300px\" \/><\/a>\n\t\t\t<\/dt><\/dl><br style=\"clear: both\" \/><dl class='gallery-item'>\n\t\t\t<dt class='gallery-icon landscape'>\n\t\t\t\t<a href='https:\/\/www.ysametal.com\/wp-content\/uploads\/DTA-TIGER-USTR.gif' rel=\"lightbox[49]\"><img width=\"300\" height=\"180\" src=\"https:\/\/www.ysametal.com\/wp-content\/uploads\/DTA-TIGER-USTR-300x180.gif\" class=\"attachment-medium size-medium\" alt=\"\" loading=\"lazy\" \/><\/a>\n\t\t\t<\/dt><\/dl><dl class='gallery-item'>\n\t\t\t<dt class='gallery-icon landscape'>\n\t\t\t\t<a href='https:\/\/www.ysametal.com\/wp-content\/uploads\/gangsaw_1.jpg' rel=\"lightbox[49]\"><img width=\"300\" height=\"200\" src=\"https:\/\/www.ysametal.com\/wp-content\/uploads\/gangsaw_1-300x200.jpg\" class=\"attachment-medium size-medium\" alt=\"\" loading=\"lazy\" srcset=\"https:\/\/www.ysametal.com\/wp-content\/uploads\/gangsaw_1-300x200.jpg 300w, https:\/\/www.ysametal.com\/wp-content\/uploads\/gangsaw_1.jpg 1024w\" sizes=\"(max-width: 300px) 100vw, 300px\" \/><\/a>\n\t\t\t<\/dt><\/dl><dl class='gallery-item'>\n\t\t\t<dt class='gallery-icon landscape'>\n\t\t\t\t<a href='https:\/\/www.ysametal.com\/wp-content\/uploads\/Hand_Saw_Render_03.jpg' rel=\"lightbox[49]\"><img width=\"300\" height=\"251\" src=\"https:\/\/www.ysametal.com\/wp-content\/uploads\/Hand_Saw_Render_03-300x251.jpg\" class=\"attachment-medium size-medium\" alt=\"\" loading=\"lazy\" srcset=\"https:\/\/www.ysametal.com\/wp-content\/uploads\/Hand_Saw_Render_03-300x251.jpg 300w, https:\/\/www.ysametal.com\/wp-content\/uploads\/Hand_Saw_Render_03.jpg 575w\" sizes=\"(max-width: 300px) 100vw, 300px\" \/><\/a>\n\t\t\t<\/dt><\/dl><br style=\"clear: both\" \/><dl class='gallery-item'>\n\t\t\t<dt class='gallery-icon landscape'>\n\t\t\t\t<a href='https:\/\/www.ysametal.com\/wp-content\/uploads\/HSS_Band_Saw_Blade_For_Cutting_Wood.jpg' rel=\"lightbox[49]\"><img width=\"300\" height=\"225\" src=\"https:\/\/www.ysametal.com\/wp-content\/uploads\/HSS_Band_Saw_Blade_For_Cutting_Wood-300x225.jpg\" class=\"attachment-medium size-medium\" alt=\"\" loading=\"lazy\" srcset=\"https:\/\/www.ysametal.com\/wp-content\/uploads\/HSS_Band_Saw_Blade_For_Cutting_Wood-300x225.jpg 300w, https:\/\/www.ysametal.com\/wp-content\/uploads\/HSS_Band_Saw_Blade_For_Cutting_Wood.jpg 800w\" sizes=\"(max-width: 300px) 100vw, 300px\" \/><\/a>\n\t\t\t<\/dt><\/dl><dl class='gallery-item'>\n\t\t\t<dt class='gallery-icon landscape'>\n\t\t\t\t<a href='https:\/\/www.ysametal.com\/wp-content\/uploads\/images-1.jpg' rel=\"lightbox[49]\"><img width=\"225\" height=\"225\" src=\"https:\/\/www.ysametal.com\/wp-content\/uploads\/images-1.jpg\" class=\"attachment-medium size-medium\" alt=\"\" loading=\"lazy\" srcset=\"https:\/\/www.ysametal.com\/wp-content\/uploads\/images-1.jpg 225w, https:\/\/www.ysametal.com\/wp-content\/uploads\/images-1-150x150.jpg 150w\" sizes=\"(max-width: 225px) 100vw, 225px\" \/><\/a>\n\t\t\t<\/dt><\/dl><dl class='gallery-item'>\n\t\t\t<dt class='gallery-icon landscape'>\n\t\t\t\t<a href='https:\/\/www.ysametal.com\/wp-content\/uploads\/images-2.jpg' rel=\"lightbox[49]\"><img width=\"300\" height=\"145\" src=\"https:\/\/www.ysametal.com\/wp-content\/uploads\/images-2-300x145.jpg\" class=\"attachment-medium size-medium\" alt=\"\" loading=\"lazy\" srcset=\"https:\/\/www.ysametal.com\/wp-content\/uploads\/images-2-300x145.jpg 300w, https:\/\/www.ysametal.com\/wp-content\/uploads\/images-2.jpg 323w\" sizes=\"(max-width: 300px) 100vw, 300px\" \/><\/a>\n\t\t\t<\/dt><\/dl><br style=\"clear: both\" \/><dl class='gallery-item'>\n\t\t\t<dt class='gallery-icon landscape'>\n\t\t\t\t<a href='https:\/\/www.ysametal.com\/wp-content\/uploads\/images-4.jpg' rel=\"lightbox[49]\"><img width=\"300\" height=\"144\" src=\"https:\/\/www.ysametal.com\/wp-content\/uploads\/images-4-300x144.jpg\" class=\"attachment-medium size-medium\" alt=\"\" loading=\"lazy\" srcset=\"https:\/\/www.ysametal.com\/wp-content\/uploads\/images-4-300x144.jpg 300w, https:\/\/www.ysametal.com\/wp-content\/uploads\/images-4.jpg 324w\" sizes=\"(max-width: 300px) 100vw, 300px\" \/><\/a>\n\t\t\t<\/dt><\/dl><dl class='gallery-item'>\n\t\t\t<dt class='gallery-icon landscape'>\n\t\t\t\t<a href='https:\/\/www.ysametal.com\/wp-content\/uploads\/images-5.jpg' rel=\"lightbox[49]\"><img width=\"297\" height=\"169\" src=\"https:\/\/www.ysametal.com\/wp-content\/uploads\/images-5.jpg\" class=\"attachment-medium size-medium\" alt=\"\" loading=\"lazy\" \/><\/a>\n\t\t\t<\/dt><\/dl><dl class='gallery-item'>\n\t\t\t<dt class='gallery-icon landscape'>\n\t\t\t\t<a href='https:\/\/www.ysametal.com\/wp-content\/uploads\/images-6.jpg' rel=\"lightbox[49]\"><img width=\"266\" height=\"190\" src=\"https:\/\/www.ysametal.com\/wp-content\/uploads\/images-6.jpg\" class=\"attachment-medium size-medium\" alt=\"\" loading=\"lazy\" \/><\/a>\n\t\t\t<\/dt><\/dl><br style=\"clear: both\" \/><dl class='gallery-item'>\n\t\t\t<dt class='gallery-icon landscape'>\n\t\t\t\t<a href='https:\/\/www.ysametal.com\/wp-content\/uploads\/images-7.jpg' rel=\"lightbox[49]\"><img width=\"290\" height=\"174\" src=\"https:\/\/www.ysametal.com\/wp-content\/uploads\/images-7.jpg\" class=\"attachment-medium size-medium\" alt=\"\" loading=\"lazy\" \/><\/a>\n\t\t\t<\/dt><\/dl><dl class='gallery-item'>\n\t\t\t<dt class='gallery-icon landscape'>\n\t\t\t\t<a href='https:\/\/www.ysametal.com\/wp-content\/uploads\/images-8.jpg' rel=\"lightbox[49]\"><img width=\"259\" height=\"194\" src=\"https:\/\/www.ysametal.com\/wp-content\/uploads\/images-8.jpg\" class=\"attachment-medium size-medium\" alt=\"\" loading=\"lazy\" \/><\/a>\n\t\t\t<\/dt><\/dl><dl class='gallery-item'>\n\t\t\t<dt class='gallery-icon landscape'>\n\t\t\t\t<a href='https:\/\/www.ysametal.com\/wp-content\/uploads\/images-9.jpg' rel=\"lightbox[49]\"><img width=\"259\" height=\"194\" src=\"https:\/\/www.ysametal.com\/wp-content\/uploads\/images-9.jpg\" class=\"attachment-medium size-medium\" alt=\"\" loading=\"lazy\" \/><\/a>\n\t\t\t<\/dt><\/dl><br style=\"clear: both\" \/><dl class='gallery-item'>\n\t\t\t<dt class='gallery-icon landscape'>\n\t\t\t\t<a href='https:\/\/www.ysametal.com\/wp-content\/uploads\/images.jpg' rel=\"lightbox[49]\"><img width=\"259\" height=\"194\" src=\"https:\/\/www.ysametal.com\/wp-content\/uploads\/images.jpg\" class=\"attachment-medium size-medium\" alt=\"\" loading=\"lazy\" \/><\/a>\n\t\t\t<\/dt><\/dl><dl class='gallery-item'>\n\t\t\t<dt class='gallery-icon portrait'>\n\t\t\t\t<a href='https:\/\/www.ysametal.com\/wp-content\/uploads\/IMG_4935_3.jpg' rel=\"lightbox[49]\"><img width=\"200\" height=\"300\" src=\"https:\/\/www.ysametal.com\/wp-content\/uploads\/IMG_4935_3-200x300.jpg\" class=\"attachment-medium size-medium\" alt=\"\" loading=\"lazy\" srcset=\"https:\/\/www.ysametal.com\/wp-content\/uploads\/IMG_4935_3-200x300.jpg 200w, https:\/\/www.ysametal.com\/wp-content\/uploads\/IMG_4935_3-683x1024.jpg 683w, https:\/\/www.ysametal.com\/wp-content\/uploads\/IMG_4935_3.jpg 850w\" sizes=\"(max-width: 200px) 100vw, 200px\" \/><\/a>\n\t\t\t<\/dt><\/dl><dl class='gallery-item'>\n\t\t\t<dt class='gallery-icon landscape'>\n\t\t\t\t<a href='https:\/\/www.ysametal.com\/wp-content\/uploads\/indir.jpg' rel=\"lightbox[49]\"><img width=\"300\" height=\"147\" src=\"https:\/\/www.ysametal.com\/wp-content\/uploads\/indir-300x147.jpg\" class=\"attachment-medium size-medium\" alt=\"\" loading=\"lazy\" srcset=\"https:\/\/www.ysametal.com\/wp-content\/uploads\/indir-300x147.jpg 300w, https:\/\/www.ysametal.com\/wp-content\/uploads\/indir.jpg 320w\" sizes=\"(max-width: 300px) 100vw, 300px\" \/><\/a>\n\t\t\t<\/dt><\/dl><br style=\"clear: both\" \/><dl class='gallery-item'>\n\t\t\t<dt class='gallery-icon landscape'>\n\t\t\t\t<a href='https:\/\/www.ysametal.com\/wp-content\/uploads\/nas_acc_coils.jpg' rel=\"lightbox[49]\"><img width=\"300\" height=\"225\" src=\"https:\/\/www.ysametal.com\/wp-content\/uploads\/nas_acc_coils-300x225.jpg\" class=\"attachment-medium size-medium\" alt=\"\" loading=\"lazy\" srcset=\"https:\/\/www.ysametal.com\/wp-content\/uploads\/nas_acc_coils-300x225.jpg 300w, https:\/\/www.ysametal.com\/wp-content\/uploads\/nas_acc_coils.jpg 473w\" sizes=\"(max-width: 300px) 100vw, 300px\" \/><\/a>\n\t\t\t<\/dt><\/dl><dl class='gallery-item'>\n\t\t\t<dt class='gallery-icon portrait'>\n\t\t\t\t<a href='https:\/\/www.ysametal.com\/wp-content\/uploads\/pl905514-sus316l_cold_rolled_coils_stainless_steel_strip_for_electronics_computer_accessories.jpg' rel=\"lightbox[49]\"><img width=\"284\" height=\"300\" src=\"https:\/\/www.ysametal.com\/wp-content\/uploads\/pl905514-sus316l_cold_rolled_coils_stainless_steel_strip_for_electronics_computer_accessories-284x300.jpg\" class=\"attachment-medium size-medium\" alt=\"\" loading=\"lazy\" srcset=\"https:\/\/www.ysametal.com\/wp-content\/uploads\/pl905514-sus316l_cold_rolled_coils_stainless_steel_strip_for_electronics_computer_accessories-284x300.jpg 284w, https:\/\/www.ysametal.com\/wp-content\/uploads\/pl905514-sus316l_cold_rolled_coils_stainless_steel_strip_for_electronics_computer_accessories.jpg 624w\" sizes=\"(max-width: 284px) 100vw, 284px\" \/><\/a>\n\t\t\t<\/dt><\/dl><dl class='gallery-item'>\n\t\t\t<dt class='gallery-icon landscape'>\n\t\t\t\t<a href='https:\/\/www.ysametal.com\/wp-content\/uploads\/saw-5.jpg' rel=\"lightbox[49]\"><img width=\"300\" height=\"165\" src=\"https:\/\/www.ysametal.com\/wp-content\/uploads\/saw-5-300x165.jpg\" class=\"attachment-medium size-medium\" alt=\"\" loading=\"lazy\" srcset=\"https:\/\/www.ysametal.com\/wp-content\/uploads\/saw-5-300x165.jpg 300w, https:\/\/www.ysametal.com\/wp-content\/uploads\/saw-5.jpg 545w\" sizes=\"(max-width: 300px) 100vw, 300px\" \/><\/a>\n\t\t\t<\/dt><\/dl><br style=\"clear: both\" \/><dl class='gallery-item'>\n\t\t\t<dt class='gallery-icon landscape'>\n\t\t\t\t<a href='https:\/\/www.ysametal.com\/wp-content\/uploads\/T1bCFeFy8lXXXXXXXX_0-item_pic.jpg' rel=\"lightbox[49]\"><img width=\"300\" height=\"210\" src=\"https:\/\/www.ysametal.com\/wp-content\/uploads\/T1bCFeFy8lXXXXXXXX_0-item_pic-300x210.jpg\" class=\"attachment-medium size-medium\" alt=\"\" loading=\"lazy\" srcset=\"https:\/\/www.ysametal.com\/wp-content\/uploads\/T1bCFeFy8lXXXXXXXX_0-item_pic-300x210.jpg 300w, https:\/\/www.ysametal.com\/wp-content\/uploads\/T1bCFeFy8lXXXXXXXX_0-item_pic.jpg 550w\" sizes=\"(max-width: 300px) 100vw, 300px\" \/><\/a>\n\t\t\t<\/dt><\/dl><dl class='gallery-item'>\n\t\t\t<dt class='gallery-icon landscape'>\n\t\t\t\t<a href='https:\/\/www.ysametal.com\/wp-content\/uploads\/wood_band_saw_blade_for_mobile_sawmills.jpg' rel=\"lightbox[49]\"><img width=\"300\" height=\"225\" src=\"https:\/\/www.ysametal.com\/wp-content\/uploads\/wood_band_saw_blade_for_mobile_sawmills-300x225.jpg\" class=\"attachment-medium size-medium\" alt=\"\" loading=\"lazy\" srcset=\"https:\/\/www.ysametal.com\/wp-content\/uploads\/wood_band_saw_blade_for_mobile_sawmills-300x225.jpg 300w, https:\/\/www.ysametal.com\/wp-content\/uploads\/wood_band_saw_blade_for_mobile_sawmills.jpg 800w\" sizes=\"(max-width: 300px) 100vw, 300px\" \/><\/a>\n\t\t\t<\/dt><\/dl>\n\t\t\t<br style='clear: both' \/>\n\t\t<\/div>\n\n<\/div>\n","protected":false},"excerpt":{"rendered":"<p>SO\u011eUK \u00c7EK\u0130LM\u0130\u015e ORTA VE Y\u00dcKSEK KARBON \u00c7EL\u0130K \u015eER\u0130TLER\u00a0 Kalite \u00a0 \u00a0 \u00a0 \u00a0 \u00a0 \u00a0 \u00a0 \u00a0 \u00a0 \u00a0 \u00a0 \u00a0\u00a0 SAE Standart\u0131na g\u00f6re \u00a0\u00a0\u00a0\u00a0\u00a0 1040\/1045\/1050\/1055\/1065\/1070\/1075\/1080\/1095 DIN Standart\u0131na g\u00f6re \u00a0\u00a0\u00a0\u00a0\u00a0 CK40\/45\/55\/60\/75\/85\/101\/51CRV4 JIS Standart\u0131na g\u00f6re \u00a0 \u00a0 \u00a0 \u00a0 S45CM\/55\/60\/75\/SK2M\/SK4M\/SK 2M Cr 4 IS Standart\u0131na g\u00f6re \u00a0 \u00a0 \u00a0 \u00a0 \u00a0C40\/55\/70\/80\/98\/120CR35 Kal\u0131nl\u0131k Aral\u0131\u011f\u0131 \u00a0 \u00a0 \u00a0 [&hellip;]<\/p>\n","protected":false},"author":1,"featured_media":0,"parent":0,"menu_order":0,"comment_status":"open","ping_status":"open","template":"","meta":[],"_links":{"self":[{"href":"https:\/\/www.ysametal.com\/index.php\/wp-json\/wp\/v2\/pages\/49"}],"collection":[{"href":"https:\/\/www.ysametal.com\/index.php\/wp-json\/wp\/v2\/pages"}],"about":[{"href":"https:\/\/www.ysametal.com\/index.php\/wp-json\/wp\/v2\/types\/page"}],"author":[{"embeddable":true,"href":"https:\/\/www.ysametal.com\/index.php\/wp-json\/wp\/v2\/users\/1"}],"replies":[{"embeddable":true,"href":"https:\/\/www.ysametal.com\/index.php\/wp-json\/wp\/v2\/comments?post=49"}],"version-history":[{"count":38,"href":"https:\/\/www.ysametal.com\/index.php\/wp-json\/wp\/v2\/pages\/49\/revisions"}],"predecessor-version":[{"id":169,"href":"https:\/\/www.ysametal.com\/index.php\/wp-json\/wp\/v2\/pages\/49\/revisions\/169"}],"wp:attachment":[{"href":"https:\/\/www.ysametal.com\/index.php\/wp-json\/wp\/v2\/media?parent=49"}],"curies":[{"name":"wp","href":"https:\/\/api.w.org\/{rel}","templated":true}]}}