{"id":88,"date":"2015-09-18T17:28:26","date_gmt":"2015-09-18T14:28:26","guid":{"rendered":"http:\/\/www.ysametal.com\/ysametal\/?page_id=88"},"modified":"2015-09-19T20:32:43","modified_gmt":"2015-09-19T17:32:43","slug":"paslanmaz-celik","status":"publish","type":"page","link":"https:\/\/www.ysametal.com\/index.php\/paslanmaz-celik\/","title":{"rendered":"PASLANMAZ \u00c7EL\u0130K"},"content":{"rendered":"<p><strong>PASLANMAZ \u00c7EL\u0130K MALZEMELER<\/strong><\/p>\n<p><strong>Kalite<\/strong><\/p>\n<p style=\"text-align: left;\">\u0410ISI Standart\u0131na g\u00f6re\u00a0\u00a0\u00a0\u00a0\u00a0\u00a0\u00a0\u00a0 201 \/ 202 \/ 301 \/ 304 \/ 304L \/ 309 \/ 310 \/ 316L \/ 316Ti \/ 321 \/ 430 \/ 409 \/ 420 \/ 439 \/ 441<\/p>\n<p><strong>Kal\u0131nl\u0131k Aral\u0131\u011f\u0131 \u00a0 \u00a0 \u00a0 \u00a0 \u00a0 \u00a0 \u00a0 \u00a0 \u00a0 \u00a0<\/strong>0.20 mm den 10.00 mm e kadar<\/p>\n<p><strong>Geni\u015flik<\/strong>\u00a0 \u00a0 \u00a0 \u00a0 \u00a0 \u00a0 \u00a0 \u00a0 \u00a0 \u00a0 \u00a0 \u00a0 \u00a0 \u00a0 \u00a0 \u00a07 mm den \u00a02000 mm e kadar<\/p>\n<p><strong>Y\u00fczey<\/strong>\u00a0 \u00a0 \u00a0 \u00a0 \u00a0 \u00a0 \u00a0 \u00a0 \u00a0 \u00a0 \u00a0 \u00a0 \u00a0 \u00a0 \u00a0 \u00a0 \u00a0 BA (Parlak) \/ 2B (Mat) \/ SB (F\u0131r\u00e7al\u0131) \/4N (Ta\u015fl\u0131) \/ DESENL\u0130<\/p>\n<p><strong>Kenar \u00a0 \u00a0 \u00a0 \u00a0 \u00a0 \u00a0 \u00a0 \u00a0 \u00a0 \u00a0 \u00a0 \u00a0 \u00a0 \u00a0 \u00a0 \u00a0 \u00a0<\/strong>Fabrika kenar \u00e7\u0131k\u0131\u015f\u0131 yada kesilmi\u015f kenar<\/p>\n\n\t\t<style type=\"text\/css\">\n\t\t\t#gallery-1 {\n\t\t\t\tmargin: auto;\n\t\t\t}\n\t\t\t#gallery-1 .gallery-item {\n\t\t\t\tfloat: left;\n\t\t\t\tmargin-top: 10px;\n\t\t\t\ttext-align: center;\n\t\t\t\twidth: 33%;\n\t\t\t}\n\t\t\t#gallery-1 img {\n\t\t\t\tborder: 2px solid #cfcfcf;\n\t\t\t}\n\t\t\t#gallery-1 .gallery-caption {\n\t\t\t\tmargin-left: 0;\n\t\t\t}\n\t\t\t\/* see gallery_shortcode() in wp-includes\/media.php *\/\n\t\t<\/style>\n\t\t<div id='gallery-1' class='gallery galleryid-88 gallery-columns-3 gallery-size-medium'><dl class='gallery-item'>\n\t\t\t<dt class='gallery-icon landscape'>\n\t\t\t\t<a href='https:\/\/www.ysametal.com\/wp-content\/uploads\/0a04973d8fb13942b69c4f245f865ce2.jpeg' rel=\"lightbox[88]\"><img width=\"300\" height=\"214\" src=\"https:\/\/www.ysametal.com\/wp-content\/uploads\/0a04973d8fb13942b69c4f245f865ce2-300x214.jpeg\" class=\"attachment-medium size-medium\" alt=\"\" loading=\"lazy\" srcset=\"https:\/\/www.ysametal.com\/wp-content\/uploads\/0a04973d8fb13942b69c4f245f865ce2-300x214.jpeg 300w, https:\/\/www.ysametal.com\/wp-content\/uploads\/0a04973d8fb13942b69c4f245f865ce2.jpeg 700w\" sizes=\"(max-width: 300px) 100vw, 300px\" \/><\/a>\n\t\t\t<\/dt><\/dl><dl class='gallery-item'>\n\t\t\t<dt class='gallery-icon landscape'>\n\t\t\t\t<a href='https:\/\/www.ysametal.com\/wp-content\/uploads\/533223.jpg' rel=\"lightbox[88]\"><img width=\"300\" height=\"225\" src=\"https:\/\/www.ysametal.com\/wp-content\/uploads\/533223-300x225.jpg\" class=\"attachment-medium size-medium\" alt=\"\" loading=\"lazy\" srcset=\"https:\/\/www.ysametal.com\/wp-content\/uploads\/533223-300x225.jpg 300w, https:\/\/www.ysametal.com\/wp-content\/uploads\/533223.jpg 900w\" sizes=\"(max-width: 300px) 100vw, 300px\" \/><\/a>\n\t\t\t<\/dt><\/dl><dl class='gallery-item'>\n\t\t\t<dt class='gallery-icon landscape'>\n\t\t\t\t<a href='https:\/\/www.ysametal.com\/wp-content\/uploads\/8322610.jpg' rel=\"lightbox[88]\"><img width=\"300\" height=\"245\" src=\"https:\/\/www.ysametal.com\/wp-content\/uploads\/8322610-300x245.jpg\" class=\"attachment-medium size-medium\" alt=\"\" loading=\"lazy\" srcset=\"https:\/\/www.ysametal.com\/wp-content\/uploads\/8322610-300x245.jpg 300w, https:\/\/www.ysametal.com\/wp-content\/uploads\/8322610.jpg 711w\" sizes=\"(max-width: 300px) 100vw, 300px\" \/><\/a>\n\t\t\t<\/dt><\/dl><br style=\"clear: both\" \/><dl class='gallery-item'>\n\t\t\t<dt class='gallery-icon landscape'>\n\t\t\t\t<a href='https:\/\/www.ysametal.com\/wp-content\/uploads\/82296786-89da-43ee-843e-ef09b7efd71e.jpg' rel=\"lightbox[88]\"><img width=\"300\" height=\"178\" src=\"https:\/\/www.ysametal.com\/wp-content\/uploads\/82296786-89da-43ee-843e-ef09b7efd71e-300x178.jpg\" class=\"attachment-medium size-medium\" alt=\"\" loading=\"lazy\" srcset=\"https:\/\/www.ysametal.com\/wp-content\/uploads\/82296786-89da-43ee-843e-ef09b7efd71e-300x178.jpg 300w, https:\/\/www.ysametal.com\/wp-content\/uploads\/82296786-89da-43ee-843e-ef09b7efd71e.jpg 960w\" sizes=\"(max-width: 300px) 100vw, 300px\" \/><\/a>\n\t\t\t<\/dt><\/dl><dl class='gallery-item'>\n\t\t\t<dt class='gallery-icon landscape'>\n\t\t\t\t<a href='https:\/\/www.ysametal.com\/wp-content\/uploads\/1394651883foto1_big.jpg' rel=\"lightbox[88]\"><img width=\"300\" height=\"225\" src=\"https:\/\/www.ysametal.com\/wp-content\/uploads\/1394651883foto1_big-300x225.jpg\" class=\"attachment-medium size-medium\" alt=\"\" loading=\"lazy\" srcset=\"https:\/\/www.ysametal.com\/wp-content\/uploads\/1394651883foto1_big-300x225.jpg 300w, https:\/\/www.ysametal.com\/wp-content\/uploads\/1394651883foto1_big.jpg 600w\" sizes=\"(max-width: 300px) 100vw, 300px\" \/><\/a>\n\t\t\t<\/dt><\/dl><dl class='gallery-item'>\n\t\t\t<dt class='gallery-icon landscape'>\n\t\t\t\t<a href='https:\/\/www.ysametal.com\/wp-content\/uploads\/ASTM-316LN-Stainless-Steel-Sheet.jpg' rel=\"lightbox[88]\"><img width=\"300\" height=\"194\" src=\"https:\/\/www.ysametal.com\/wp-content\/uploads\/ASTM-316LN-Stainless-Steel-Sheet-300x194.jpg\" class=\"attachment-medium size-medium\" alt=\"\" loading=\"lazy\" srcset=\"https:\/\/www.ysametal.com\/wp-content\/uploads\/ASTM-316LN-Stainless-Steel-Sheet-300x194.jpg 300w, https:\/\/www.ysametal.com\/wp-content\/uploads\/ASTM-316LN-Stainless-Steel-Sheet.jpg 1000w\" sizes=\"(max-width: 300px) 100vw, 300px\" \/><\/a>\n\t\t\t<\/dt><\/dl><br style=\"clear: both\" \/><dl class='gallery-item'>\n\t\t\t<dt class='gallery-icon landscape'>\n\t\t\t\t<a href='https:\/\/www.ysametal.com\/wp-content\/uploads\/i.jpg' rel=\"lightbox[88]\"><img width=\"285\" height=\"190\" src=\"https:\/\/www.ysametal.com\/wp-content\/uploads\/i.jpg\" class=\"attachment-medium size-medium\" alt=\"\" loading=\"lazy\" \/><\/a>\n\t\t\t<\/dt><\/dl><dl class='gallery-item'>\n\t\t\t<dt class='gallery-icon landscape'>\n\t\t\t\t<a href='https:\/\/www.ysametal.com\/wp-content\/uploads\/Item_01.jpg' rel=\"lightbox[88]\"><img width=\"300\" height=\"196\" src=\"https:\/\/www.ysametal.com\/wp-content\/uploads\/Item_01-300x196.jpg\" class=\"attachment-medium size-medium\" alt=\"\" loading=\"lazy\" srcset=\"https:\/\/www.ysametal.com\/wp-content\/uploads\/Item_01-300x196.jpg 300w, https:\/\/www.ysametal.com\/wp-content\/uploads\/Item_01.jpg 1000w\" sizes=\"(max-width: 300px) 100vw, 300px\" \/><\/a>\n\t\t\t<\/dt><\/dl><dl class='gallery-item'>\n\t\t\t<dt class='gallery-icon landscape'>\n\t\t\t\t<a href='https:\/\/www.ysametal.com\/wp-content\/uploads\/pl1077982-dc03_spcd_full_hard_standard_brushed_stainless_cold_rolled_process_galvanizing_steel_strips.jpg' rel=\"lightbox[88]\"><img width=\"300\" height=\"289\" src=\"https:\/\/www.ysametal.com\/wp-content\/uploads\/pl1077982-dc03_spcd_full_hard_standard_brushed_stainless_cold_rolled_process_galvanizing_steel_strips-300x289.jpg\" class=\"attachment-medium size-medium\" alt=\"\" loading=\"lazy\" srcset=\"https:\/\/www.ysametal.com\/wp-content\/uploads\/pl1077982-dc03_spcd_full_hard_standard_brushed_stainless_cold_rolled_process_galvanizing_steel_strips-300x289.jpg 300w, https:\/\/www.ysametal.com\/wp-content\/uploads\/pl1077982-dc03_spcd_full_hard_standard_brushed_stainless_cold_rolled_process_galvanizing_steel_strips.jpg 592w\" sizes=\"(max-width: 300px) 100vw, 300px\" \/><\/a>\n\t\t\t<\/dt><\/dl><br style=\"clear: both\" \/><dl class='gallery-item'>\n\t\t\t<dt class='gallery-icon landscape'>\n\t\t\t\t<a href='https:\/\/www.ysametal.com\/wp-content\/uploads\/PLATE-EDIT-1.png' rel=\"lightbox[88]\"><img width=\"300\" height=\"239\" src=\"https:\/\/www.ysametal.com\/wp-content\/uploads\/PLATE-EDIT-1-300x239.png\" class=\"attachment-medium size-medium\" alt=\"\" loading=\"lazy\" srcset=\"https:\/\/www.ysametal.com\/wp-content\/uploads\/PLATE-EDIT-1-300x239.png 300w, https:\/\/www.ysametal.com\/wp-content\/uploads\/PLATE-EDIT-1.png 889w\" sizes=\"(max-width: 300px) 100vw, 300px\" \/><\/a>\n\t\t\t<\/dt><\/dl><dl class='gallery-item'>\n\t\t\t<dt class='gallery-icon landscape'>\n\t\t\t\t<a href='https:\/\/www.ysametal.com\/wp-content\/uploads\/PLATE-EDIT.png' rel=\"lightbox[88]\"><img width=\"300\" height=\"239\" src=\"https:\/\/www.ysametal.com\/wp-content\/uploads\/PLATE-EDIT-300x239.png\" class=\"attachment-medium size-medium\" alt=\"\" loading=\"lazy\" srcset=\"https:\/\/www.ysametal.com\/wp-content\/uploads\/PLATE-EDIT-300x239.png 300w, https:\/\/www.ysametal.com\/wp-content\/uploads\/PLATE-EDIT.png 889w\" sizes=\"(max-width: 300px) 100vw, 300px\" \/><\/a>\n\t\t\t<\/dt><\/dl><dl class='gallery-item'>\n\t\t\t<dt class='gallery-icon landscape'>\n\t\t\t\t<a href='https:\/\/www.ysametal.com\/wp-content\/uploads\/stainless-steel-coil-strip_1006077.jpg' rel=\"lightbox[88]\"><img width=\"300\" height=\"242\" src=\"https:\/\/www.ysametal.com\/wp-content\/uploads\/stainless-steel-coil-strip_1006077-300x242.jpg\" class=\"attachment-medium size-medium\" alt=\"\" loading=\"lazy\" srcset=\"https:\/\/www.ysametal.com\/wp-content\/uploads\/stainless-steel-coil-strip_1006077-300x242.jpg 300w, https:\/\/www.ysametal.com\/wp-content\/uploads\/stainless-steel-coil-strip_1006077.jpg 811w\" sizes=\"(max-width: 300px) 100vw, 300px\" \/><\/a>\n\t\t\t<\/dt><\/dl><br style=\"clear: both\" \/>\n\t\t<\/div>\n\n","protected":false},"excerpt":{"rendered":"<p>PASLANMAZ \u00c7EL\u0130K MALZEMELER Kalite \u0410ISI Standart\u0131na g\u00f6re\u00a0\u00a0\u00a0\u00a0\u00a0\u00a0\u00a0\u00a0 201 \/ 202 \/ 301 \/ 304 \/ 304L \/ 309 \/ 310 \/ 316L \/ 316Ti \/ 321 \/ 430 \/ 409 \/ 420 \/ 439 \/ 441 Kal\u0131nl\u0131k Aral\u0131\u011f\u0131 \u00a0 \u00a0 \u00a0 \u00a0 \u00a0 \u00a0 \u00a0 \u00a0 \u00a0 \u00a00.20 mm den 10.00 mm e kadar Geni\u015flik\u00a0 [&hellip;]<\/p>\n","protected":false},"author":1,"featured_media":0,"parent":0,"menu_order":0,"comment_status":"open","ping_status":"open","template":"","meta":[],"_links":{"self":[{"href":"https:\/\/www.ysametal.com\/index.php\/wp-json\/wp\/v2\/pages\/88"}],"collection":[{"href":"https:\/\/www.ysametal.com\/index.php\/wp-json\/wp\/v2\/pages"}],"about":[{"href":"https:\/\/www.ysametal.com\/index.php\/wp-json\/wp\/v2\/types\/page"}],"author":[{"embeddable":true,"href":"https:\/\/www.ysametal.com\/index.php\/wp-json\/wp\/v2\/users\/1"}],"replies":[{"embeddable":true,"href":"https:\/\/www.ysametal.com\/index.php\/wp-json\/wp\/v2\/comments?post=88"}],"version-history":[{"count":9,"href":"https:\/\/www.ysametal.com\/index.php\/wp-json\/wp\/v2\/pages\/88\/revisions"}],"predecessor-version":[{"id":145,"href":"https:\/\/www.ysametal.com\/index.php\/wp-json\/wp\/v2\/pages\/88\/revisions\/145"}],"wp:attachment":[{"href":"https:\/\/www.ysametal.com\/index.php\/wp-json\/wp\/v2\/media?parent=88"}],"curies":[{"name":"wp","href":"https:\/\/api.w.org\/{rel}","templated":true}]}}